{"id":1997,"date":"2021-11-18T12:13:14","date_gmt":"2021-11-18T10:13:14","guid":{"rendered":"http:\/\/acercacomunicacion.es.mialias.net\/legal-notice\/"},"modified":"2023-10-19T10:59:38","modified_gmt":"2023-10-19T08:59:38","slug":"legal-notice","status":"publish","type":"page","link":"https:\/\/acercacomunicacion.es\/en\/legal-notice\/","title":{"rendered":"Legal Notice"},"content":{"rendered":"\n<h2 class=\"wp-block-heading\">1. Identification<\/h2>\n\n<p>This website is property of ACERCA COMUNICACI\u00d3N CULTURAL, S.L. (\u201cACERCA COMUNICACI\u00d3N\u201d), with CIF B- B-86879392, registered in the Commercial Registry of Madrid, Volume 31669, Folio 169, Inscription 1, Sheet M-569881, with address at C\/ Rafael Calvo n. \u00ba 40, 1\u00ba \u2013 2 (28010, Madrid), telephone (+34) 91 831 69 40 \/ (+34) 91 128 97 71 and email address info@acercacomunicacion.org<a href=\"mailto:info@acercacomunicacion.org\"><\/a> <\/p>\n\n<h2 class=\"wp-block-heading\">2. Object of the Legal Notice<\/h2>\n\n<p>The purpose of these conditions of use (the \u201cLegal Notice\u201d) is to regulate the relationship between the user of the website (the \u201cUser\/s\u201d) and ACERCA COMUNICACI\u00d3N, granting the maximum guarantees of transparency and security possible based on of the applicable regulations. Specifically, this Legal Notice regulates access, navigation and use of the website, without prejudice to the fact that ACERCA COMUNICACI\u00d3N reserves the right to modify it. Access and use of the website implies acceptance of its Legal Notice and any modification that may occur, as well as acceptance of its Privacy and Cookies Policy.<\/p>\n\n<p>The temporary validity of this Legal Notice coincides with the time of its communication, until it is totally or partially modified, at which time the modified Legal Notice will come into force.<\/p>\n\n<h2 class=\"wp-block-heading\">3. Use of the Web<\/h2>\n\n<p>The use of the website shall be free of charge, without prejudice to the connection costs incurred by the User in accessing the corresponding telecommunications network.<\/p>\n\n<p>The User is aware and voluntarily and expressly accepts that the use of the web is in any case under his sole and exclusive responsibility, committing himself not to carry out any conduct that could damage the image, interests and rights of ACERCA COMUNICACI\u00d3N or that could prevent, in any way, its normal use. Specifically, the User may not: access or use the website for illegal or unauthorised purposes, with or without economic purpose, or use it in a way that may cause damage, interruptions or limitations in its operation or in the means of a third party; use the website for the transmission, installation or publication of any virus or other harmful programmes or files; gain unauthorised access to any section of the website, to other connected systems or networks, to the services or to the passwords or data of third parties or to any other means illegitimately; break, or attempt to break, the security or authentication measures of the website, among others.<\/p>\n\n<h2 class=\"wp-block-heading\">4. Accuracy of information<\/h2>\n\n<p>The User guarantees the authenticity of all data provided as a result of filling in contact forms. Similarly, it will be the responsibility of the user to keep all information provided to ACERCA COMUNICACI\u00d3N permanently updated so that it responds, at all times, to the real situation of the user. En todo caso el Usuario ser\u00e1 el \u00fanico responsable de las manifestaciones falsas o inexactas que realice y de los perjuicios que cause a ACERCA COMUNICACI\u00d3N o a terceros por la informaci\u00f3n que facilite. <\/p>\n\n<p>En caso de que el Usuario detectara que se ha producido un error al introducir sus datos durante su registro, podr\u00e1 modificarlos en la propia plataforma o dirigi\u00e9ndose al servicio de atenci\u00f3n al cliente <a href=\"mailto:info@acercacomunicacion.org\">info@acercacomunicacion.org<\/a>, as\u00ed como ejercitar el derecho de rectificaci\u00f3n contemplado en nuestra pol\u00edtica de privacidad en caso de tratarse de datos de car\u00e1cter personal.<\/p>\n\n<h2 class=\"wp-block-heading\">5. Obligaci\u00f3n de hacer un uso correcto de la p\u00e1gina web<\/h2>\n\n<p>El Usuario se compromete a utilizar la p\u00e1gina web de conformidad con la ley y para la finalidad para las que han sido creadas. A tal efecto, el Usuario se abstendr\u00e1 de utilizar la p\u00e1gina web con fines o efectos il\u00edcitos, prohibidos en el presente Aviso Legal, lesivos de los derechos e intereses de terceros o que de cualquier forma puedan da\u00f1ar, inutilizar, sobrecargar, deteriorar o impedir la normal utilizaci\u00f3n de los servicios, los equipos inform\u00e1ticos o los documentos, archivos y toda clase de contenidos almacenados en cualquier equipo inform\u00e1tico (hacking) de ACERCA COMUNICACI\u00d3N, de otros Usuarios o de cualquier usuario de Internet (hardware y software).<\/p>\n\n<h2 class=\"wp-block-heading\">6. Obligaci\u00f3n de hacer un uso correcto de los Contenidos<\/h2>\n\n<p>El Usuario se compromete a utilizar los contenidos puestos a disposici\u00f3n de los Usuarios en la p\u00e1gina web, entendiendo por \u00e9stos, sin que esta enumeraci\u00f3n tenga car\u00e1cter limitativo, los textos, fotograf\u00edas, gr\u00e1ficos, im\u00e1genes, iconos, tecnolog\u00eda, software, links y dem\u00e1s contenidos audiovisuales o sonoros, as\u00ed como su dise\u00f1o gr\u00e1fico y c\u00f3digos fuente (en adelante, los \u00abContenidos\u00bb), de conformidad con la ley, el presente Aviso Legal y dem\u00e1s avisos, y, en particular, se compromete a abstenerse de:<\/p>\n\n<p>\u2013 Reproducir, copiar, distribuir, poner a disposici\u00f3n o de cualquier otra forma comunicar p\u00fablicamente, transformar o modificar los Contenidos, a menos que se cuente con la autorizaci\u00f3n del titular de los correspondientes derechos o ello resulte legalmente permitido;<\/p>\n\n<p>\u2013 Suprimir, manipular o de cualquier forma alterar cualquier reserva de derechos y dem\u00e1s datos identificativos.<\/p>\n\n<h2 class=\"wp-block-heading\">7. Introducci\u00f3n de Hiperenlaces <\/h2>\n\n<p>Los Usuarios y, en general, aquellas personas que se propongan establecer un hiperenlace entre su sitio web y la presente p\u00e1gina web (en adelante, el \u00abHiperenlace\u00bb) deber\u00e1n cumplir las condiciones siguientes:<\/p>\n\n<p>\u2013 No se crear\u00e1 un frame en la p\u00e1gina web;<\/p>\n\n<p>\u2013No se realizar\u00e1n manifestaciones o indicaciones falsas, inexactas o incorrectas sobre ACERCA COMUNICACI\u00d3N, sus directivos, sus empleados, la p\u00e1gina web y los servicios suministrados;<\/p>\n\n<p>\u2013 La p\u00e1gina web en la que se establezca el Hiperenlace no contendr\u00e1 informaciones o contenidos il\u00edcitos, contrarios a la moral y a las buenas costumbres generalmente aceptadas y al orden p\u00fablico, as\u00ed como tampoco contendr\u00e1 contenidos contrarios a cualesquiera derechos de terceros o actividades de ACERCA COMUNICACI\u00d3N.<\/p>\n\n<p>El establecimiento del Hiperenlace no implica en ning\u00fan caso la existencia de relaciones entre ACERCA COMUNICACI\u00d3N y el propietario de la p\u00e1gina web en la que se establezca, ni la aceptaci\u00f3n y aprobaci\u00f3n por parte de ACERCA COMUNICACI\u00d3N de sus contenidos o servicios.<\/p>\n\n<p>Por otro lado, la p\u00e1gina web pueden poner a disposici\u00f3n de los Usuarios dispositivos t\u00e9cnicos de enlace (tales como, links, banners, botones), que permitan a los Usuarios acceder a sitios web pertenecientes y\/o gestionados por terceros (en adelante, \u201cSitios Enlazados\u201d). La instalaci\u00f3n de estos enlaces en la p\u00e1gina web tiene por \u00fanico objeto facilitar a los Usuarios acceso a la informaci\u00f3n, contenidos y servicios disponibles en dichos Sitios Enlazados. ACERCA COMUNICACI\u00d3N no ofrece ni comercializa por s\u00ed ni por medio de tercero la informaci\u00f3n, contenidos y servicios disponibles en los Sitios Enlazados, ni los controla previamente, aprueba, recomienda, vigila ni hace propios. ACERCA COMUNICACI\u00d3N no garantiza ni asume ning\u00fan tipo de responsabilidad por los da\u00f1os y perjuicios de toda clase que puedan deberse a:<\/p>\n\n<p>\u2022 El funcionamiento, disponibilidad, accesibilidad o continuidad de los Sitios Enlazados;<\/p>\n\n<p>\u2022 El mantenimiento de la informaci\u00f3n, contenidos y servicios, existentes en los Sitios Enlazados;<\/p>\n\n<p>\u2022 La prestaci\u00f3n o transmisi\u00f3n de la informaci\u00f3n, contenidos y servicios existentes en los Sitios Enlazados;<\/p>\n\n<p>\u2022 La calidad, licitud, fiabilidad y utilidad de la informaci\u00f3n contenidos y servicios existentes en los Sitios Enlazados, prestados por terceros a trav\u00e9s de la p\u00e1gina web.<\/p>\n\n<h2 class=\"wp-block-heading\">8. <strong>Propiedad Intelectual. <\/strong> <\/h2>\n\n<p>Todos los Contenidos de la p\u00e1gina web, entre otros, textos, fotograf\u00edas, gr\u00e1ficos, im\u00e1genes, iconos, tecnolog\u00eda, software y dem\u00e1s contenidos audiovisuales, as\u00ed como su dise\u00f1o gr\u00e1fico y c\u00f3digos fuente, son propiedad de ACERCA COMUNICACI\u00d3N o, en su caso, disponemos de licencia o autorizaci\u00f3n expresa por parte de los titulares. <\/p>\n\n<p>Las informaciones difundidas en la p\u00e1gina web, as\u00ed como sus Contenidos, son de titularidad de ACERCA COMUNICACI\u00d3N o de sus autores y tienen la consideraci\u00f3n de obras protegidas de conformidad con las disposiciones del Real Decreto 1\/1996, de 12 de abril, por el que se aprueba el texto refundido de la Ley de Propiedad Intelectual. En ning\u00fan caso podr\u00e1 entenderse que desde ACERCA COMUNICACI\u00d3N cedemos o autorizamos a nuestros Usuarios a explotar en ninguna de sus modalidades los derechos sobre dichos contenidos m\u00e1s all\u00e1 de lo estrictamente necesario para el correcto uso de la p\u00e1gina web.<\/p>\n\n<p>Asimismo, todas las marcas, nombres comerciales o signos distintivos de cualquier clase que aparecen en la p\u00e1gina web son propiedad de ACERCA COMUNICACI\u00d3N o han sido publicados con el consentimiento de sus leg\u00edtimos propietarios, sin que pueda entenderse que el uso o acceso a la p\u00e1gina web atribuya a nuestros Usuarios derecho alguno sobre su contenido. <\/p>\n\n<p>Para realizar cualquier tipo de observaci\u00f3n respecto a posibles incumplimientos de los derechos de propiedad intelectual o industrial de ACERCA COMUNICACI\u00d3N por terceros, as\u00ed como sobre cualquiera de los Contenidos de la p\u00e1gina web, puedes comunicarnos dicha circunstancia a trav\u00e9s de nuestro email <a href=\"mailto:info@acercacomunicacion.org\">info@acercacomunicacion.org<\/a> adjuntando la informaci\u00f3n pertinente. <\/p>\n\n<p>En cualquier caso, en ACERCA COMUNICACI\u00d3N no podemos asumir responsabilidad alguna respecto de los derechos de propiedad intelectual o industrial titularidad de terceros que se vean infringidos por los Usuarios de la p\u00e1gina web por cualquier otra persona ajena a ACERCA COMUNICACI\u00d3N.<\/p>\n\n<h2 class=\"wp-block-heading\"><strong>9. Exclusi\u00f3n de<\/strong> <strong>garant\u00edas y de responsabilidad por el funcionamiento de la p\u00e1gina web.<\/strong><\/h2>\n\n<p>ACERCA COMUNICACI\u00d3N no garantiza la disponibilidad y continuidad del funcionamiento de la p\u00e1gina web. Cuando ello sea razonablemente posible, ACERCA COMUNICACI\u00d3N advertir\u00e1 previamente de las interrupciones en el funcionamiento de la p\u00e1gina web.<\/p>\n\n<p>ACERCA COMUNICACI\u00d3N excluye, con toda la extensi\u00f3n permitida por el ordenamiento jur\u00eddico, cualquier responsabilidad por los da\u00f1os y perjuicios de toda naturaleza que puedan deberse a la falta de disponibilidad o de continuidad del funcionamiento de la p\u00e1gina web o el incumplimiento de expectativas de la utilidad que los Usuarios hubieren podido atribuir a la p\u00e1gina web y a los fallos en el acceso de la p\u00e1gina web a aquellas desde las que se prestan los servicios.<\/p>\n\n<h2 class=\"wp-block-heading\"><strong>1<\/strong>0<strong>. Idioma<\/strong><\/h2>\n\n<p>El presente Aviso Legal est\u00e1 disponible en castellano.<\/p>\n\n<h2 class=\"wp-block-heading\">11. Protecci\u00f3n de datos<\/h2>\n\n<p>De conformidad con lo dispuesto en la normativa vigente en materia de Protecci\u00f3n de Datos, todos los datos de car\u00e1cter personal facilitados durante la utilizaci\u00f3n de la web ser\u00e1n tratados de conformidad con lo dispuesto en nuestra <a href=\"https:\/\/acercacomunicacion.es\/en\/privacy-policy\/\">Privacy Policy<\/a> que todo Usuario conoce y acepta cuando visita nuestra p\u00e1gina web.<\/p>\n\n<h2 class=\"wp-block-heading\">12. Ley aplicable y jurisdicci\u00f3n<\/h2>\n\n<p>Si alg\u00fan punto del Aviso Legal es considerado nulo o inaplicable por la Administraci\u00f3n P\u00fablica o Administraci\u00f3n de Justicia, dicha nulidad o inaplicaci\u00f3n no afectar\u00e1 al resto de contenidos previstos en este documento. En caso de que ACERCA COMUNICACI\u00d3N no ejercite cualquier derecho o disposici\u00f3n contenida en este Aviso Legal, esto no constituir\u00e1 una renuncia al mismo, salvo que lo reconozca expresamente y por escrito.<\/p>\n\n<p>El Aviso Legal se rige por la ley com\u00fan espa\u00f1ola y, salvo que se establezca otra cosa en la normativa aplicable (incluida la normativa de consumidores y usuarios), cualquier conflicto se someter\u00e1 por las partes por los jueces y tribunales de Madrid.<\/p>\n\n<p>En caso de tener el Usuario cualquier pregunta sobre las condiciones reflejadas en este Aviso Legal, o si desea hacer cualquier sugerencia o recomendaci\u00f3n, puede dirigirse a tel\u00e9fono (+34) 91 831 69 40 \/ (+34) 91 128 97 71 y direcci\u00f3n de correo electr\u00f3nico: <a href=\"mailto:info@acercacomunicacion.org\">info@acercacomunicacion.org<\/a>. <\/p>\n","protected":false},"excerpt":{"rendered":"<p>1. Identification This website is property of ACERCA COMUNICACI\u00d3N CULTURAL, S.L. (\u201cACERCA COMUNICACI\u00d3N\u201d), with CIF B- B-86879392, registered in the Commercial Registry of Madrid, Volume 31669, Folio 169, Inscription 1, Sheet M-569881, with address at C\/ Rafael Calvo n. \u00ba 40, 1\u00ba \u2013 2 (28010, Madrid), telephone (+34) 91 831 [\u2026] <\/p>\n<div class=\"clear\"><\/div>\n<p><a class=\"more_link clearfix\" href=\"https:\/\/acercacomunicacion.es\/en\/legal-notice\/\" rel=\"nofollow\">Read More &rarr;<\/a><\/p>\n","protected":false},"author":8,"featured_media":0,"parent":0,"menu_order":0,"comment_status":"closed","ping_status":"closed","template":"","meta":{"footnotes":""},"class_list":["post-1997","page","type-page","status-publish","hentry"],"yoast_head":"<!-- This site is optimized with the Yoast SEO plugin v27.1.1 - https:\/\/yoast.com\/product\/yoast-seo-wordpress\/ -->\n<title>Legal Notice | Acerca Comunicaci\u00f3n Cultural<\/title>\n<meta name=\"description\" content=\"1. Identification This website is property of ACERCA COMUNICACI\u00d3N CULTURAL, S.L. (\u201cACERCA COMUNICACI\u00d3N\u201d), with CIF B- B-86879392, registered in the\" \/>\n<meta name=\"robots\" content=\"noindex, follow\" \/>\n<meta property=\"og:locale\" content=\"en_US\" \/>\n<meta property=\"og:type\" content=\"article\" \/>\n<meta property=\"og:title\" content=\"Legal Notice | Acerca Comunicaci\u00f3n Cultural\" \/>\n<meta property=\"og:description\" content=\"1. Identification This website is property of ACERCA COMUNICACI\u00d3N CULTURAL, S.L. (\u201cACERCA COMUNICACI\u00d3N\u201d), with CIF B- B-86879392, registered in the\" \/>\n<meta property=\"og:url\" content=\"https:\/\/acercacomunicacion.es\/en\/legal-notice\/\" \/>\n<meta property=\"og:site_name\" content=\"Acerca Comunicaci\u00f3n Cultural\" \/>\n<meta property=\"article:publisher\" content=\"https:\/\/www.facebook.com\/acercacom\/\" \/>\n<meta property=\"article:modified_time\" content=\"2023-10-19T08:59:38+00:00\" \/>\n<meta property=\"og:image\" content=\"https:\/\/acercacomunicacion.es\/wp-content\/uploads\/2014\/08\/cropped-acerca_granate_web.jpg\" \/>\n\t<meta property=\"og:image:width\" content=\"567\" \/>\n\t<meta property=\"og:image:height\" content=\"226\" \/>\n\t<meta property=\"og:image:type\" content=\"image\/jpeg\" \/>\n<meta name=\"twitter:card\" content=\"summary_large_image\" \/>\n<script type=\"application\/ld+json\" class=\"yoast-schema-graph\">{\"@context\":\"https:\/\/schema.org\",\"@graph\":[{\"@type\":\"WebPage\",\"@id\":\"https:\/\/acercacomunicacion.es\/en\/legal-notice\/\",\"url\":\"https:\/\/acercacomunicacion.es\/en\/legal-notice\/\",\"name\":\"Legal Notice | Acerca Comunicaci\u00f3n Cultural\",\"isPartOf\":{\"@id\":\"https:\/\/acercacomunicacion.es\/en\/#website\"},\"datePublished\":\"2021-11-18T10:13:14+00:00\",\"dateModified\":\"2023-10-19T08:59:38+00:00\",\"description\":\"1. Identification This website is property of ACERCA COMUNICACI\u00d3N CULTURAL, S.L. (\u201cACERCA COMUNICACI\u00d3N\u201d), with CIF B- B-86879392, registered in the\",\"breadcrumb\":{\"@id\":\"https:\/\/acercacomunicacion.es\/en\/legal-notice\/#breadcrumb\"},\"inLanguage\":\"en-US\",\"potentialAction\":[{\"@type\":\"ReadAction\",\"target\":[\"https:\/\/acercacomunicacion.es\/en\/legal-notice\/\"]}]},{\"@type\":\"BreadcrumbList\",\"@id\":\"https:\/\/acercacomunicacion.es\/en\/legal-notice\/#breadcrumb\",\"itemListElement\":[{\"@type\":\"ListItem\",\"position\":1,\"name\":\"Portada\",\"item\":\"https:\/\/acercacomunicacion.es\/en\/\"},{\"@type\":\"ListItem\",\"position\":2,\"name\":\"Legal Notice\"}]},{\"@type\":\"WebSite\",\"@id\":\"https:\/\/acercacomunicacion.es\/en\/#website\",\"url\":\"https:\/\/acercacomunicacion.es\/en\/\",\"name\":\"Acerca Comunicaci\u00f3n Cultural\",\"description\":\"Servicios de comunicaci\u00f3n para proyectos culturales\",\"publisher\":{\"@id\":\"https:\/\/acercacomunicacion.es\/en\/#organization\"},\"potentialAction\":[{\"@type\":\"SearchAction\",\"target\":{\"@type\":\"EntryPoint\",\"urlTemplate\":\"https:\/\/acercacomunicacion.es\/en\/?s={search_term_string}\"},\"query-input\":{\"@type\":\"PropertyValueSpecification\",\"valueRequired\":true,\"valueName\":\"search_term_string\"}}],\"inLanguage\":\"en-US\"},{\"@type\":\"Organization\",\"@id\":\"https:\/\/acercacomunicacion.es\/en\/#organization\",\"name\":\"Acerca Comunicaci\u00f3n Cultural\",\"alternateName\":\"Acerca Comunicaci\u00f3n\",\"url\":\"https:\/\/acercacomunicacion.es\/en\/\",\"logo\":{\"@type\":\"ImageObject\",\"inLanguage\":\"en-US\",\"@id\":\"https:\/\/acercacomunicacion.es\/en\/#\/schema\/logo\/image\/\",\"url\":\"https:\/\/acercacomunicacion.es\/wp-content\/uploads\/2014\/08\/cropped-acerca_granate_web-1.jpg\",\"contentUrl\":\"https:\/\/acercacomunicacion.es\/wp-content\/uploads\/2014\/08\/cropped-acerca_granate_web-1.jpg\",\"width\":210,\"height\":83,\"caption\":\"Acerca Comunicaci\u00f3n Cultural\"},\"image\":{\"@id\":\"https:\/\/acercacomunicacion.es\/en\/#\/schema\/logo\/image\/\"},\"sameAs\":[\"https:\/\/www.facebook.com\/acercacom\/\"]}]}<\/script>\n<!-- \/ Yoast SEO plugin. -->","yoast_head_json":{"title":"Legal Notice | Acerca Comunicaci\u00f3n Cultural","description":"1. Identification This website is property of ACERCA COMUNICACI\u00d3N CULTURAL, S.L. (\u201cACERCA COMUNICACI\u00d3N\u201d), with CIF B- B-86879392, registered in the","robots":{"index":"noindex","follow":"follow"},"og_locale":"en_US","og_type":"article","og_title":"Legal Notice | Acerca Comunicaci\u00f3n Cultural","og_description":"1. Identification This website is property of ACERCA COMUNICACI\u00d3N CULTURAL, S.L. (\u201cACERCA COMUNICACI\u00d3N\u201d), with CIF B- B-86879392, registered in the","og_url":"https:\/\/acercacomunicacion.es\/en\/legal-notice\/","og_site_name":"Acerca Comunicaci\u00f3n Cultural","article_publisher":"https:\/\/www.facebook.com\/acercacom\/","article_modified_time":"2023-10-19T08:59:38+00:00","og_image":[{"width":567,"height":226,"url":"https:\/\/acercacomunicacion.es\/wp-content\/uploads\/2014\/08\/cropped-acerca_granate_web.jpg","type":"image\/jpeg"}],"twitter_card":"summary_large_image","schema":{"@context":"https:\/\/schema.org","@graph":[{"@type":"WebPage","@id":"https:\/\/acercacomunicacion.es\/en\/legal-notice\/","url":"https:\/\/acercacomunicacion.es\/en\/legal-notice\/","name":"Legal Notice | Acerca Comunicaci\u00f3n Cultural","isPartOf":{"@id":"https:\/\/acercacomunicacion.es\/en\/#website"},"datePublished":"2021-11-18T10:13:14+00:00","dateModified":"2023-10-19T08:59:38+00:00","description":"1. Identification This website is property of ACERCA COMUNICACI\u00d3N CULTURAL, S.L. (\u201cACERCA COMUNICACI\u00d3N\u201d), with CIF B- B-86879392, registered in the","breadcrumb":{"@id":"https:\/\/acercacomunicacion.es\/en\/legal-notice\/#breadcrumb"},"inLanguage":"en-US","potentialAction":[{"@type":"ReadAction","target":["https:\/\/acercacomunicacion.es\/en\/legal-notice\/"]}]},{"@type":"BreadcrumbList","@id":"https:\/\/acercacomunicacion.es\/en\/legal-notice\/#breadcrumb","itemListElement":[{"@type":"ListItem","position":1,"name":"Portada","item":"https:\/\/acercacomunicacion.es\/en\/"},{"@type":"ListItem","position":2,"name":"Legal Notice"}]},{"@type":"WebSite","@id":"https:\/\/acercacomunicacion.es\/en\/#website","url":"https:\/\/acercacomunicacion.es\/en\/","name":"Acerca Comunicaci\u00f3n Cultural","description":"Servicios de comunicaci\u00f3n para proyectos culturales","publisher":{"@id":"https:\/\/acercacomunicacion.es\/en\/#organization"},"potentialAction":[{"@type":"SearchAction","target":{"@type":"EntryPoint","urlTemplate":"https:\/\/acercacomunicacion.es\/en\/?s={search_term_string}"},"query-input":{"@type":"PropertyValueSpecification","valueRequired":true,"valueName":"search_term_string"}}],"inLanguage":"en-US"},{"@type":"Organization","@id":"https:\/\/acercacomunicacion.es\/en\/#organization","name":"Acerca Comunicaci\u00f3n Cultural","alternateName":"Acerca Comunicaci\u00f3n","url":"https:\/\/acercacomunicacion.es\/en\/","logo":{"@type":"ImageObject","inLanguage":"en-US","@id":"https:\/\/acercacomunicacion.es\/en\/#\/schema\/logo\/image\/","url":"https:\/\/acercacomunicacion.es\/wp-content\/uploads\/2014\/08\/cropped-acerca_granate_web-1.jpg","contentUrl":"https:\/\/acercacomunicacion.es\/wp-content\/uploads\/2014\/08\/cropped-acerca_granate_web-1.jpg","width":210,"height":83,"caption":"Acerca Comunicaci\u00f3n Cultural"},"image":{"@id":"https:\/\/acercacomunicacion.es\/en\/#\/schema\/logo\/image\/"},"sameAs":["https:\/\/www.facebook.com\/acercacom\/"]}]}},"_links":{"self":[{"href":"https:\/\/acercacomunicacion.es\/en\/wp-json\/wp\/v2\/pages\/1997","targetHints":{"allow":["GET"]}}],"collection":[{"href":"https:\/\/acercacomunicacion.es\/en\/wp-json\/wp\/v2\/pages"}],"about":[{"href":"https:\/\/acercacomunicacion.es\/en\/wp-json\/wp\/v2\/types\/page"}],"author":[{"embeddable":true,"href":"https:\/\/acercacomunicacion.es\/en\/wp-json\/wp\/v2\/users\/8"}],"replies":[{"embeddable":true,"href":"https:\/\/acercacomunicacion.es\/en\/wp-json\/wp\/v2\/comments?post=1997"}],"version-history":[{"count":9,"href":"https:\/\/acercacomunicacion.es\/en\/wp-json\/wp\/v2\/pages\/1997\/revisions"}],"predecessor-version":[{"id":2325,"href":"https:\/\/acercacomunicacion.es\/en\/wp-json\/wp\/v2\/pages\/1997\/revisions\/2325"}],"wp:attachment":[{"href":"https:\/\/acercacomunicacion.es\/en\/wp-json\/wp\/v2\/media?parent=1997"}],"curies":[{"name":"wp","href":"https:\/\/api.w.org\/{rel}","templated":true}]}}